{"id":358,"date":"2025-10-02T06:28:11","date_gmt":"2025-10-02T06:28:11","guid":{"rendered":"https:\/\/insigniamarketing.mx\/?page_id=358"},"modified":"2025-10-02T06:41:51","modified_gmt":"2025-10-02T06:41:51","slug":"produccion-audiovisual","status":"publish","type":"page","link":"https:\/\/insigniamarketing.mx\/index.php\/produccion-audiovisual\/","title":{"rendered":"Producci\u00f3n Audiovisual"},"content":{"rendered":"\n<div class=\"gb-element-b77c82cb div-grid\">\n<div class=\"div-lista\">\n<h2 class=\"wp-block-heading alignwide has-text-align-left\"><strong>Fotograf\u00eda Publicitaria<\/strong><\/h2>\n\n\n\n<p class=\"has-global-color-9-color has-text-color has-link-color wp-elements-e95fff62e6ac5ea1d9ddfd489aab8cf6\" style=\"font-size:25px\">Te ayudamos a captar la atenci\u00f3n de potenciales compradores y clientes.<br>Que tus productos o servicios luzcan<br>m\u00e1s atractivos a los ojos de los consumidores.<\/p>\n\n\n\n<ul style=\"font-size:31px\" class=\"wp-block-list center-lista has-global-color-9-color has-text-color has-link-color wp-elements-fc00b825374db2ff56b58af42107f26f\"><\/ul>\n<\/div>\n\n\n\n<div>\n<figure class=\"wp-block-image size-full\"><img loading=\"lazy\" decoding=\"async\" width=\"459\" height=\"561\" src=\"https:\/\/insigniamarketing.mx\/wp-content\/uploads\/2025\/10\/Captura-de-Pantalla-2025-10-02-a-las-0.26.55.png\" alt=\"\" class=\"wp-image-363\" srcset=\"https:\/\/insigniamarketing.mx\/wp-content\/uploads\/2025\/10\/Captura-de-Pantalla-2025-10-02-a-las-0.26.55.png 459w, https:\/\/insigniamarketing.mx\/wp-content\/uploads\/2025\/10\/Captura-de-Pantalla-2025-10-02-a-las-0.26.55-245x300.png 245w\" sizes=\"auto, (max-width: 459px) 100vw, 459px\" \/><\/figure>\n<\/div>\n<\/div>\n\n\n\n<div class=\"gb-element-edf646c9 div-grid\">\n<div class=\"div-lista\">\n<h2 class=\"wp-block-heading alignwide has-text-align-left\"><strong>Grabaci\u00f3n y Edici\u00f3n de Video<\/strong><\/h2>\n\n\n\n<ul class=\"wp-block-list has-global-color-9-color has-text-color has-link-color wp-elements-07064dcc3bd4fcd15d422a3a906e5961\">\n<li>Reels para Instagram y Facebook<\/li>\n\n\n\n<li> TikToks creativos (formato nativo vertical)<\/li>\n\n\n\n<li>Shorts para YouTube<\/li>\n\n\n\n<li>Videos UGC (contenido generado por usuarios simulado)<\/li>\n\n\n\n<li>Ediciones r\u00e1pidas con texto en pantalla y subt\u00edtulos autom\u00e1tico<\/li>\n\n\n\n<li>Presentaciones institucionales<\/li>\n\n\n\n<li>Testimonios de clientes<\/li>\n\n\n\n<li>Videos de cultura empresarial<\/li>\n\n\n\n<li>Documentales de marca <\/li>\n\n\n\n<li>Cobertura de eventos en vivo (Facebook Live, YouTube, TikTok Live)<\/li>\n\n\n\n<li>Fondo blanco o neutro para marketplaces (Amazon, Mercado Libre, etc.)<\/li>\n<\/ul>\n\n\n\n<ul style=\"font-size:31px\" class=\"wp-block-list center-lista has-global-color-9-color has-text-color has-link-color wp-elements-fc00b825374db2ff56b58af42107f26f\"><\/ul>\n<\/div>\n\n\n\n<div>\n<figure class=\"wp-block-image size-full\"><img loading=\"lazy\" decoding=\"async\" width=\"449\" height=\"620\" src=\"https:\/\/insigniamarketing.mx\/wp-content\/uploads\/2025\/10\/Captura-de-Pantalla-2025-10-02-a-las-0.27.20.png\" alt=\"\" class=\"wp-image-362\" srcset=\"https:\/\/insigniamarketing.mx\/wp-content\/uploads\/2025\/10\/Captura-de-Pantalla-2025-10-02-a-las-0.27.20.png 449w, https:\/\/insigniamarketing.mx\/wp-content\/uploads\/2025\/10\/Captura-de-Pantalla-2025-10-02-a-las-0.27.20-217x300.png 217w\" sizes=\"auto, (max-width: 449px) 100vw, 449px\" \/><\/figure>\n<\/div>\n<\/div>\n\n\n\n<div class=\"gb-element-cadc6e82 div-grid\">\n<div class=\"div-lista\">\n<h2 class=\"wp-block-heading alignwide has-text-align-left\"><strong>Servicios de Video y Fotograf\u00eda con Drone<\/strong><\/h2>\n\n\n\n<ul class=\"wp-block-list has-global-color-9-color has-text-color has-link-color wp-elements-03f2f01cec107d54438923554da29316\">\n<li>Vistas panor\u00e1micas para inmobiliarias, turismo, agricultura o eventos<\/li>\n\n\n\n<li>Toma de terrenos, obras, campos o exteriores de locales<\/li>\n\n\n\n<li>Tomas a\u00e9reas para festivales, ferias, lanzamientos, etc.<\/li>\n\n\n\n<li>Clips para reels, stories y res\u00famenes promocionales<\/li>\n\n\n\n<li>Estilo visual cinematogr\u00e1fico, adaptado a identidad de marca<\/li>\n<\/ul>\n\n\n\n<ul style=\"font-size:31px\" class=\"wp-block-list center-lista has-global-color-9-color has-text-color has-link-color wp-elements-fc00b825374db2ff56b58af42107f26f\"><\/ul>\n<\/div>\n\n\n\n<div>\n<figure class=\"wp-block-image size-full\"><img loading=\"lazy\" decoding=\"async\" width=\"449\" height=\"620\" src=\"https:\/\/insigniamarketing.mx\/wp-content\/uploads\/2025\/10\/Captura-de-Pantalla-2025-10-02-a-las-0.27.31.png\" alt=\"\" class=\"wp-image-361\" srcset=\"https:\/\/insigniamarketing.mx\/wp-content\/uploads\/2025\/10\/Captura-de-Pantalla-2025-10-02-a-las-0.27.31.png 449w, https:\/\/insigniamarketing.mx\/wp-content\/uploads\/2025\/10\/Captura-de-Pantalla-2025-10-02-a-las-0.27.31-217x300.png 217w\" sizes=\"auto, (max-width: 449px) 100vw, 449px\" \/><\/figure>\n<\/div>\n<\/div>\n","protected":false},"excerpt":{"rendered":"<p>Fotograf\u00eda Publicitaria Te ayudamos a captar la atenci\u00f3n de potenciales compradores y clientes.Que tus productos o servicios luzcanm\u00e1s atractivos a los ojos de los consumidores. Grabaci\u00f3n y Edici\u00f3n de Video Servicios de Video y Fotograf\u00eda con Drone<\/p>\n","protected":false},"author":1,"featured_media":0,"parent":0,"menu_order":0,"comment_status":"closed","ping_status":"closed","template":"","meta":{"footnotes":""},"class_list":["post-358","page","type-page","status-publish"],"_links":{"self":[{"href":"https:\/\/insigniamarketing.mx\/index.php\/wp-json\/wp\/v2\/pages\/358","targetHints":{"allow":["GET"]}}],"collection":[{"href":"https:\/\/insigniamarketing.mx\/index.php\/wp-json\/wp\/v2\/pages"}],"about":[{"href":"https:\/\/insigniamarketing.mx\/index.php\/wp-json\/wp\/v2\/types\/page"}],"author":[{"embeddable":true,"href":"https:\/\/insigniamarketing.mx\/index.php\/wp-json\/wp\/v2\/users\/1"}],"replies":[{"embeddable":true,"href":"https:\/\/insigniamarketing.mx\/index.php\/wp-json\/wp\/v2\/comments?post=358"}],"version-history":[{"count":4,"href":"https:\/\/insigniamarketing.mx\/index.php\/wp-json\/wp\/v2\/pages\/358\/revisions"}],"predecessor-version":[{"id":368,"href":"https:\/\/insigniamarketing.mx\/index.php\/wp-json\/wp\/v2\/pages\/358\/revisions\/368"}],"wp:attachment":[{"href":"https:\/\/insigniamarketing.mx\/index.php\/wp-json\/wp\/v2\/media?parent=358"}],"curies":[{"name":"wp","href":"https:\/\/api.w.org\/{rel}","templated":true}]}}