{"id":326,"date":"2025-10-02T05:54:46","date_gmt":"2025-10-02T05:54:46","guid":{"rendered":"https:\/\/insigniamarketing.mx\/?page_id=326"},"modified":"2025-10-02T06:23:04","modified_gmt":"2025-10-02T06:23:04","slug":"publicidad-digital","status":"publish","type":"page","link":"https:\/\/insigniamarketing.mx\/index.php\/servicios\/publicidad-digital\/","title":{"rendered":"Publicidad Digital"},"content":{"rendered":"\n<div>\n<div class=\"gb-element-b77c82cb div-grid\">\n<div class=\"div-lista\">\n<h2 class=\"wp-block-heading alignwide has-text-align-left\"><strong>Administraci\u00f3n de redes sociales.<\/strong><\/h2>\n\n\n\n<p class=\"has-global-color-9-color has-text-color has-link-color wp-elements-621febfdbfa713dce3f43a4a67a90eaf\" style=\"font-size:25px\">Optimizamos tu presencia digital, asegurando que tu marca conecte con la audiencia correcta y genere resultados efectivos.<\/p>\n\n\n\n<ul style=\"font-size:31px\" class=\"wp-block-list center-lista has-global-color-9-color has-text-color has-link-color wp-elements-9e2b6d2ed420d71b51be054b93ab152a\">\n<li class=\"has-global-color-9-color has-text-color has-link-color wp-elements-8c54a9da3bfbf0579e4bb0cc90b20d13\">Facebook<\/li>\n\n\n\n<li class=\"has-global-color-9-color has-text-color has-link-color wp-elements-b726cc6211543950d63295b33cc66ae1\">Instagram<\/li>\n\n\n\n<li class=\"has-global-color-9-color has-text-color has-link-color wp-elements-ae927d3c9ee3c9016c4ca5f02655b218\">TikTok<\/li>\n<\/ul>\n<\/div>\n\n\n\n<div>\n<figure class=\"wp-block-image size-full\"><img loading=\"lazy\" decoding=\"async\" width=\"517\" height=\"403\" src=\"https:\/\/insigniamarketing.mx\/wp-content\/uploads\/2025\/10\/Captura-de-Pantalla-2025-10-01-a-las-22.57.16.png\" alt=\"\" class=\"wp-image-327\" srcset=\"https:\/\/insigniamarketing.mx\/wp-content\/uploads\/2025\/10\/Captura-de-Pantalla-2025-10-01-a-las-22.57.16.png 517w, https:\/\/insigniamarketing.mx\/wp-content\/uploads\/2025\/10\/Captura-de-Pantalla-2025-10-01-a-las-22.57.16-300x234.png 300w\" sizes=\"auto, (max-width: 517px) 100vw, 517px\" \/><\/figure>\n<\/div>\n<\/div>\n\n\n\n<div class=\"gb-element-9c1ad92f div-grid\">\n<div class=\"div-lista\">\n<h2 class=\"wp-block-heading alignwide has-text-align-left\"><strong>Apps M\u00f3viles<\/strong><\/h2>\n\n\n\n<p class=\"has-global-color-9-color has-text-color has-link-color wp-elements-2aafd320bf5db379496952e4111710ab\" style=\"font-size:25px\">Comienza a consolidar tu presencia online. Con esta herramienta podr\u00e1s ofrecer beneficios exclusivos, fidelizar y\/o aumentar la interacci\u00f3n con tus clientes.<\/p>\n<\/div>\n\n\n\n<div>\n<figure class=\"wp-block-image size-full\"><img loading=\"lazy\" decoding=\"async\" width=\"517\" height=\"403\" src=\"https:\/\/insigniamarketing.mx\/wp-content\/uploads\/2025\/10\/Captura-de-Pantalla-2025-10-01-a-las-22.57.33.png\" alt=\"\" class=\"wp-image-340\" srcset=\"https:\/\/insigniamarketing.mx\/wp-content\/uploads\/2025\/10\/Captura-de-Pantalla-2025-10-01-a-las-22.57.33.png 517w, https:\/\/insigniamarketing.mx\/wp-content\/uploads\/2025\/10\/Captura-de-Pantalla-2025-10-01-a-las-22.57.33-300x234.png 300w\" sizes=\"auto, (max-width: 517px) 100vw, 517px\" \/><\/figure>\n<\/div>\n<\/div>\n\n\n\n<div class=\"gb-element-9073d04d div-grid\">\n<div class=\"div-lista\">\n<h2 class=\"wp-block-heading alignwide has-text-align-left\"><strong>Posicionamiento SEM<\/strong><\/h2>\n\n\n\n<p class=\"has-global-color-9-color has-text-color has-link-color wp-elements-d6e9c7b9efe6b9b34f64ecd93e975db6\" style=\"font-size:25px\">Le ayudamos a llegar de manera eficaz a su p\u00fablico potencial.<\/p>\n\n\n\n<p class=\"has-global-color-9-color has-text-color has-link-color wp-elements-d9a707d01bbbdcf25890a7c26dfeab75\" style=\"font-size:25px\">\u2022 T\u00fa decides el presupuesto para invertir en publicidad.<\/p>\n\n\n\n<p class=\"has-global-color-9-color has-text-color has-link-color wp-elements-97eb013fb17e5d162886831ecc4a16f1\" style=\"font-size:25px\">\u2022 Puedes segmentar tu campa\u00f1a para que s\u00f3lo llegue al p\u00fablico que te interesa.<\/p>\n<\/div>\n\n\n\n<div>\n<figure class=\"wp-block-image size-full\"><img loading=\"lazy\" decoding=\"async\" width=\"517\" height=\"403\" src=\"https:\/\/insigniamarketing.mx\/wp-content\/uploads\/2025\/10\/Captura-de-Pantalla-2025-10-01-a-las-22.57.41.png\" alt=\"\" class=\"wp-image-343\" srcset=\"https:\/\/insigniamarketing.mx\/wp-content\/uploads\/2025\/10\/Captura-de-Pantalla-2025-10-01-a-las-22.57.41.png 517w, https:\/\/insigniamarketing.mx\/wp-content\/uploads\/2025\/10\/Captura-de-Pantalla-2025-10-01-a-las-22.57.41-300x234.png 300w\" sizes=\"auto, (max-width: 517px) 100vw, 517px\" \/><\/figure>\n<\/div>\n<\/div>\n\n\n\n<div class=\"gb-element-6a419ca9 div-grid\">\n<div class=\"div-lista\">\n<h2 class=\"wp-block-heading alignwide has-text-align-left\"><strong>Desarrollo Web<\/strong><\/h2>\n\n\n\n<p class=\"has-global-color-9-color has-text-color has-link-color wp-elements-eff0a9e7f80f160e047c7153a5bb3254\" style=\"font-size:25px\">Creaci\u00f3n y mantenimiento de sitios web para que sean eficientes y \u00e1giles. Logramos una experiencia de usuario amigable.<\/p>\n<\/div>\n\n\n\n<div>\n<figure class=\"wp-block-image size-full\"><img loading=\"lazy\" decoding=\"async\" width=\"517\" height=\"403\" src=\"https:\/\/insigniamarketing.mx\/wp-content\/uploads\/2025\/10\/Captura-de-Pantalla-2025-10-01-a-las-22.57.59.png\" alt=\"\" class=\"wp-image-344\" srcset=\"https:\/\/insigniamarketing.mx\/wp-content\/uploads\/2025\/10\/Captura-de-Pantalla-2025-10-01-a-las-22.57.59.png 517w, https:\/\/insigniamarketing.mx\/wp-content\/uploads\/2025\/10\/Captura-de-Pantalla-2025-10-01-a-las-22.57.59-300x234.png 300w\" sizes=\"auto, (max-width: 517px) 100vw, 517px\" \/><\/figure>\n<\/div>\n<\/div>\n\n\n\n<div class=\"gb-element-50d6897b div-grid\">\n<div class=\"div-lista\">\n<h2 class=\"wp-block-heading alignwide has-text-align-left\"><strong>Desarrollo de software<\/strong><\/h2>\n\n\n\n<p class=\"has-global-color-9-color has-text-color has-link-color wp-elements-829cffcf0e3d0738e4c50e1a35be67a6\" style=\"font-size:25px\">Creaci\u00f3n, dise\u00f1o, implementaci\u00f3n y soporte de software.<br>Obt\u00e9n una ventaja competitiva.<\/p>\n<\/div>\n\n\n\n<div>\n<figure class=\"wp-block-image size-full\"><img loading=\"lazy\" decoding=\"async\" width=\"517\" height=\"403\" src=\"https:\/\/insigniamarketing.mx\/wp-content\/uploads\/2025\/10\/Captura-de-Pantalla-2025-10-01-a-las-22.58.08.png\" alt=\"\" class=\"wp-image-347\" srcset=\"https:\/\/insigniamarketing.mx\/wp-content\/uploads\/2025\/10\/Captura-de-Pantalla-2025-10-01-a-las-22.58.08.png 517w, https:\/\/insigniamarketing.mx\/wp-content\/uploads\/2025\/10\/Captura-de-Pantalla-2025-10-01-a-las-22.58.08-300x234.png 300w\" sizes=\"auto, (max-width: 517px) 100vw, 517px\" \/><\/figure>\n<\/div>\n<\/div>\n\n\n\n<div class=\"gb-element-72cd17f1 div-grid\">\n<div class=\"div-lista\">\n<h2 class=\"wp-block-heading alignwide has-text-align-left\"><strong>Posicionamiento SEO<\/strong><\/h2>\n\n\n\n<p class=\"has-global-color-9-color has-text-color has-link-color wp-elements-cbdc89aa7534bb3aa1c6190ef37744be\" style=\"font-size:25px\">Mejoramos la posici\u00f3n que ocupa<br>su sitio web en los resultados de b\u00fasqueda de Google y otros buscadores (posicionamiento org\u00e1nico).<\/p>\n<\/div>\n\n\n\n<div>\n<figure class=\"wp-block-image size-full\"><img loading=\"lazy\" decoding=\"async\" width=\"517\" height=\"403\" src=\"https:\/\/insigniamarketing.mx\/wp-content\/uploads\/2025\/10\/Captura-de-Pantalla-2025-10-01-a-las-22.58.21.png\" alt=\"\" class=\"wp-image-349\" srcset=\"https:\/\/insigniamarketing.mx\/wp-content\/uploads\/2025\/10\/Captura-de-Pantalla-2025-10-01-a-las-22.58.21.png 517w, https:\/\/insigniamarketing.mx\/wp-content\/uploads\/2025\/10\/Captura-de-Pantalla-2025-10-01-a-las-22.58.21-300x234.png 300w\" sizes=\"auto, (max-width: 517px) 100vw, 517px\" \/><\/figure>\n<\/div>\n<\/div>\n\n\n\n<div class=\"gb-element-7b037b39 div-grid\">\n<div class=\"div-lista\">\n<h2 class=\"wp-block-heading alignwide has-text-align-left\"><strong>Newsletter<\/strong><\/h2>\n\n\n\n<p class=\"has-global-color-9-color has-text-color has-link-color wp-elements-ea942b4d105700cab141cf3eb46ef498\" style=\"font-size:25px\">Te ayudamos a crear un canal de comunicaci\u00f3n directo; a trav\u00e9s del newsletter se puede fidelizar muy bien a clientes, ofreci\u00e9ndoles siempre algo mejor que a los no- suscriptores.<\/p>\n<\/div>\n\n\n\n<div>\n<figure class=\"wp-block-image size-full\"><img loading=\"lazy\" decoding=\"async\" width=\"517\" height=\"403\" src=\"https:\/\/insigniamarketing.mx\/wp-content\/uploads\/2025\/10\/Captura-de-Pantalla-2025-10-01-a-las-22.58.27.png\" alt=\"\" class=\"wp-image-353\" srcset=\"https:\/\/insigniamarketing.mx\/wp-content\/uploads\/2025\/10\/Captura-de-Pantalla-2025-10-01-a-las-22.58.27.png 517w, https:\/\/insigniamarketing.mx\/wp-content\/uploads\/2025\/10\/Captura-de-Pantalla-2025-10-01-a-las-22.58.27-300x234.png 300w\" sizes=\"auto, (max-width: 517px) 100vw, 517px\" \/><\/figure>\n<\/div>\n<\/div>\n\n\n\n<div class=\"gb-element-1db491ff div-grid\">\n<div class=\"div-lista\">\n<h2 class=\"wp-block-heading alignwide has-text-align-left\">TikTok Ads<\/h2>\n\n\n\n<p class=\"has-global-color-9-color has-text-color has-link-color wp-elements-3bb8b70d2b9beb6fa977d9e94c0815db\" style=\"font-size:25px\">Promociona tu marca, producto o servicio a audiencias espec\u00edficas a trav\u00e9s de videos cortos y atractivos..<\/p>\n\n\n\n<ul style=\"font-size:31px\" class=\"wp-block-list center-lista has-global-color-9-color has-text-color has-link-color wp-elements-f764cffe9351bc5cb80fa762ac7191dc\">\n<li class=\"has-global-color-9-color has-text-color has-link-color wp-elements-24f99e90b461ca1e3d17b563def144cc\">TikTok ads<\/li>\n<\/ul>\n<\/div>\n\n\n\n<div>\n<figure class=\"wp-block-image size-full\"><img loading=\"lazy\" decoding=\"async\" width=\"517\" height=\"403\" src=\"https:\/\/insigniamarketing.mx\/wp-content\/uploads\/2025\/10\/Captura-de-Pantalla-2025-10-01-a-las-22.58.39.png\" alt=\"\" class=\"wp-image-356\" srcset=\"https:\/\/insigniamarketing.mx\/wp-content\/uploads\/2025\/10\/Captura-de-Pantalla-2025-10-01-a-las-22.58.39.png 517w, https:\/\/insigniamarketing.mx\/wp-content\/uploads\/2025\/10\/Captura-de-Pantalla-2025-10-01-a-las-22.58.39-300x234.png 300w\" sizes=\"auto, (max-width: 517px) 100vw, 517px\" \/><\/figure>\n<\/div>\n<\/div>\n<\/div>\n","protected":false},"excerpt":{"rendered":"<p>Administraci\u00f3n de redes sociales. Optimizamos tu presencia digital, asegurando que tu marca conecte con la audiencia correcta y genere resultados efectivos. Apps M\u00f3viles Comienza a consolidar tu presencia online. Con esta herramienta podr\u00e1s ofrecer beneficios exclusivos, fidelizar y\/o aumentar la interacci\u00f3n con tus clientes. Posicionamiento SEM Le ayudamos a llegar de manera eficaz a su &#8230; <a title=\"Publicidad Digital\" class=\"read-more\" href=\"https:\/\/insigniamarketing.mx\/index.php\/servicios\/publicidad-digital\/\" aria-label=\"Leer m\u00e1s sobre Publicidad Digital\">Leer m\u00e1s<\/a><\/p>\n","protected":false},"author":1,"featured_media":0,"parent":279,"menu_order":0,"comment_status":"closed","ping_status":"closed","template":"","meta":{"footnotes":""},"class_list":["post-326","page","type-page","status-publish"],"_links":{"self":[{"href":"https:\/\/insigniamarketing.mx\/index.php\/wp-json\/wp\/v2\/pages\/326","targetHints":{"allow":["GET"]}}],"collection":[{"href":"https:\/\/insigniamarketing.mx\/index.php\/wp-json\/wp\/v2\/pages"}],"about":[{"href":"https:\/\/insigniamarketing.mx\/index.php\/wp-json\/wp\/v2\/types\/page"}],"author":[{"embeddable":true,"href":"https:\/\/insigniamarketing.mx\/index.php\/wp-json\/wp\/v2\/users\/1"}],"replies":[{"embeddable":true,"href":"https:\/\/insigniamarketing.mx\/index.php\/wp-json\/wp\/v2\/comments?post=326"}],"version-history":[{"count":9,"href":"https:\/\/insigniamarketing.mx\/index.php\/wp-json\/wp\/v2\/pages\/326\/revisions"}],"predecessor-version":[{"id":357,"href":"https:\/\/insigniamarketing.mx\/index.php\/wp-json\/wp\/v2\/pages\/326\/revisions\/357"}],"up":[{"embeddable":true,"href":"https:\/\/insigniamarketing.mx\/index.php\/wp-json\/wp\/v2\/pages\/279"}],"wp:attachment":[{"href":"https:\/\/insigniamarketing.mx\/index.php\/wp-json\/wp\/v2\/media?parent=326"}],"curies":[{"name":"wp","href":"https:\/\/api.w.org\/{rel}","templated":true}]}}